{"id":161,"date":"2020-02-26T09:07:17","date_gmt":"2020-02-26T09:07:17","guid":{"rendered":"https:\/\/demosites.io\/lawyers-gb\/?page_id=161"},"modified":"2024-11-23T10:54:09","modified_gmt":"2024-11-23T10:54:09","slug":"home","status":"publish","type":"page","link":"http:\/\/www.accento7.com\/","title":{"rendered":"Home"},"content":{"rendered":"\n<div id=\"wp-block-themeisle-blocks-advanced-columns-f3755e13\" class=\"wp-block-themeisle-blocks-advanced-columns alignfull has-1-columns has-desktop-equal-layout has-tablet-equal-layout has-mobile-equal-layout has-vertical-unset has-light-bg\"><div class=\"wp-block-themeisle-blocks-advanced-columns-overlay\"><\/div><div class=\"innerblocks-wrap\">\n<div id=\"wp-block-themeisle-blocks-advanced-column-7fd45669\" class=\"wp-block-themeisle-blocks-advanced-column\">\n<p id=\"wp-block-themeisle-blocks-advanced-heading-ec0c6a8c\" class=\"wp-block-themeisle-blocks-advanced-heading wp-block-themeisle-blocks-advanced-heading-ec0c6a8c\"> <strong>Solutions for Early Music<\/strong> <\/p>\n\n\n\n<h1 class=\"wp-block-heading has-text-align-center\">La agencia de la M\u00fasica Antigua<\/h1>\n<\/div>\n<\/div><\/div>\n\n\n\n<div style=\"height:37px\" aria-hidden=\"true\" class=\"wp-block-spacer\"><\/div>\n\n\n\n<figure class=\"wp-block-video\"><video autoplay loop src=\"https:\/\/www.accento7.com\/wp-content\/uploads\/2024\/11\/WhatsApp-Video-2024-11-22-at-16.35.09.mp4\"><\/video><\/figure>\n\n\n\n<div style=\"height:39px\" aria-hidden=\"true\" class=\"wp-block-spacer\"><\/div>\n\n\n\n<p>Nuestra <strong>agencia Accento7<\/strong> te ofrece un <strong>catalogo de conciertos de m\u00fasica antigua<\/strong>, dise\u00f1ados para simplificar la programaci\u00f3n y garantizar una experiencia de calidad. Nuestras propuestas abarcan desde <strong>grandes orquestas barrocas<\/strong> y ensembles de gran formato hasta <strong>intimos duos<\/strong> y trios, con opciones adaptadas a diferentes necesidades y presupuestos.<br><br>Somos <strong>especialistas en m\u00fasica antigua<\/strong> gestionando proyectos que abarcan los periodos <strong>Medieval, Renacimiento, Barroco y cl\u00e1sico<\/strong> desde un enfoque <strong>historicamente informado.<\/strong><\/p>\n\n\n\n<p>Con a\u00f1os de experiencia y una red consolidada en el \u00e1mbito de la m\u00fasica antigua, actuamos como un <strong>filtro experto<\/strong>, seleccionando proyectos que destacan por su <strong>rigor hist\u00f3rico<\/strong>, calidad musical y su capacidad para <strong>conectar con el p\u00fablico<\/strong>.<\/p>\n\n\n\n<p>Accento7 transforma la <strong>programaci\u00f3n de m\u00fasica antigua<\/strong> en un proceso claro, eficiente y siempre respaldado por la <strong>excelencia.<\/strong><\/p>\n\n\n\n<div style=\"height:37px\" aria-hidden=\"true\" class=\"wp-block-spacer\"><\/div>\n\n\n\n<div class=\"wp-block-columns is-layout-flex wp-container-core-columns-is-layout-9d6595d7 wp-block-columns-is-layout-flex\">\n<div class=\"wp-block-column is-layout-flow wp-block-column-is-layout-flow\">\n<figure class=\"wp-block-embed is-type-video is-provider-youtube wp-block-embed-youtube wp-embed-aspect-16-9 wp-has-aspect-ratio\"><div class=\"wp-block-embed__wrapper\">\n<div class=\"nv-iframe-embed\"><iframe loading=\"lazy\" title=\"Les Caract\u00e8res de la danse - Jean-F\u00e9ry Rebel\" width=\"1200\" height=\"675\" src=\"https:\/\/www.youtube.com\/embed\/k56XhmM6yFs?start=41&#038;feature=oembed\" frameborder=\"0\" allow=\"accelerometer; autoplay; clipboard-write; encrypted-media; gyroscope; picture-in-picture; web-share\" referrerpolicy=\"strict-origin-when-cross-origin\" allowfullscreen><\/iframe><\/div>\n<\/div><\/figure>\n<\/div>\n\n\n\n<div class=\"wp-block-column is-layout-flow wp-block-column-is-layout-flow\">\n<figure class=\"wp-block-embed is-type-video is-provider-youtube wp-block-embed-youtube wp-embed-aspect-16-9 wp-has-aspect-ratio\"><div class=\"wp-block-embed__wrapper\">\n<div class=\"nv-iframe-embed\"><iframe loading=\"lazy\" title=\"Fata la Parte - Juan del Encina (1468 - 1529) | Sa\u00fcc Ensemble\" width=\"1200\" height=\"675\" src=\"https:\/\/www.youtube.com\/embed\/xFErS_hc5oM?feature=oembed\" frameborder=\"0\" allow=\"accelerometer; autoplay; clipboard-write; encrypted-media; gyroscope; picture-in-picture; web-share\" referrerpolicy=\"strict-origin-when-cross-origin\" allowfullscreen><\/iframe><\/div>\n<\/div><\/figure>\n<\/div>\n<\/div>\n\n\n\n<div class=\"wp-block-columns is-layout-flex wp-container-core-columns-is-layout-9d6595d7 wp-block-columns-is-layout-flex\">\n<div class=\"wp-block-column is-layout-flow wp-block-column-is-layout-flow\">\n<figure class=\"wp-block-embed is-type-video is-provider-youtube wp-block-embed-youtube wp-embed-aspect-16-9 wp-has-aspect-ratio\"><div class=\"wp-block-embed__wrapper\">\n<div class=\"nv-iframe-embed\"><iframe loading=\"lazy\" title=\"Espan\u0303oletas. Lucas Ru\u00edz de Ribayaz. Sara \u00c1gueda\" width=\"1200\" height=\"675\" src=\"https:\/\/www.youtube.com\/embed\/-F3Tsb2fUNw?feature=oembed\" frameborder=\"0\" allow=\"accelerometer; autoplay; clipboard-write; encrypted-media; gyroscope; picture-in-picture; web-share\" referrerpolicy=\"strict-origin-when-cross-origin\" allowfullscreen><\/iframe><\/div>\n<\/div><\/figure>\n<\/div>\n\n\n\n<div class=\"wp-block-column is-layout-flow wp-block-column-is-layout-flow\">\n<figure class=\"wp-block-embed is-type-video is-provider-youtube wp-block-embed-youtube wp-embed-aspect-16-9 wp-has-aspect-ratio\"><div class=\"wp-block-embed__wrapper\">\n<div class=\"nv-iframe-embed\"><iframe loading=\"lazy\" title=\"Sebasti\u00e1n Dur\u00f3n: Requiem - 3. Dies irae [excerpt] | \u00cdliber Ensemble &amp; Coro Tom\u00e1s Luis de Victoria\" width=\"1200\" height=\"675\" src=\"https:\/\/www.youtube.com\/embed\/XFa5cinKvWE?start=19&#038;feature=oembed\" frameborder=\"0\" allow=\"accelerometer; autoplay; clipboard-write; encrypted-media; gyroscope; picture-in-picture; web-share\" referrerpolicy=\"strict-origin-when-cross-origin\" allowfullscreen><\/iframe><\/div>\n<\/div><\/figure>\n<\/div>\n<\/div>\n\n\n\n<div id=\"wp-block-themeisle-blocks-advanced-columns-c3a43954\" class=\"wp-block-themeisle-blocks-advanced-columns alignfull has-1-columns has-desktop-equal-layout has-tablet-equal-layout has-mobile-equal-layout has-vertical-unset has-light-bg\"><div class=\"wp-block-themeisle-blocks-advanced-columns-overlay\"><\/div><div class=\"innerblocks-wrap\">\n<div id=\"wp-block-themeisle-blocks-advanced-column-2e8f3ed8\" class=\"wp-block-themeisle-blocks-advanced-column\">\n<p id=\"wp-block-themeisle-blocks-advanced-heading-be551020\" class=\"wp-block-themeisle-blocks-advanced-heading wp-block-themeisle-blocks-advanced-heading-be551020\"> <strong>Solutions for Early Music<\/strong> <\/p>\n\n\n\n<h2 class=\"wp-block-heading has-text-align-center\">SERVICIOS AUDIOVISUALES<\/h2>\n<\/div>\n<\/div><\/div>\n\n\n\n<div style=\"height:17px\" aria-hidden=\"true\" class=\"wp-block-spacer\"><\/div>\n\n\n\n<p>Adem\u00e1s de nuestro catalogo de ensembles y orquestas tambien ofrecemos<strong> servicios de video<\/strong> para grabar en video <strong>multicamara<\/strong> vuestros conciertos.<br><br><strong>Nuestro material es como el que se utiliza en TV<\/strong>, tenemos la capacidad de hacer<strong> cambios de camara y de planos a tiempo real<\/strong>, para as\u00ed poder tener el material listo inmediatamente al acabar el concierto, tambi\u00e9n existe la posibilidad de<strong> emitir el evento en streaming.<\/strong><\/p>\n\n\n\n<div style=\"height:10px\" aria-hidden=\"true\" class=\"wp-block-spacer\"><\/div>\n\n\n<div class=\"wp-block-image\">\n<figure class=\"aligncenter size-full\"><img loading=\"lazy\" decoding=\"async\" width=\"600\" height=\"500\" src=\"http:\/\/www.accento7.com\/wp-content\/uploads\/2024\/05\/csm_ENTWURF_ACL_Sujet_v3_ff538515c5.jpg\" alt=\"\" class=\"wp-image-407\" srcset=\"http:\/\/www.accento7.com\/wp-content\/uploads\/2024\/05\/csm_ENTWURF_ACL_Sujet_v3_ff538515c5.jpg 600w, http:\/\/www.accento7.com\/wp-content\/uploads\/2024\/05\/csm_ENTWURF_ACL_Sujet_v3_ff538515c5-300x250.jpg 300w\" sizes=\"auto, (max-width: 600px) 100vw, 600px\" \/><\/figure><\/div>\n\n\n<div style=\"height:39px\" aria-hidden=\"true\" class=\"wp-block-spacer\"><\/div>\n\n\n\n<div id=\"wp-block-themeisle-blocks-advanced-columns-cd5bf3ca\" class=\"wp-block-themeisle-blocks-advanced-columns alignfull has-1-columns has-desktop-equal-layout has-tablet-equal-layout has-mobile-equal-layout has-vertical-unset has-light-bg\"><div class=\"wp-block-themeisle-blocks-advanced-columns-overlay\"><\/div><div class=\"innerblocks-wrap\">\n<div id=\"wp-block-themeisle-blocks-advanced-column-f1562bc5\" class=\"wp-block-themeisle-blocks-advanced-column\">\n<p id=\"wp-block-themeisle-blocks-advanced-heading-ffd086cf\" class=\"wp-block-themeisle-blocks-advanced-heading wp-block-themeisle-blocks-advanced-heading-ffd086cf\"> <strong>Solutions for Early Music<\/strong> <\/p>\n\n\n\n<h2 class=\"wp-block-heading has-text-align-center\">Nuestros Artistas<\/h2>\n<\/div>\n<\/div><\/div>\n\n\n\n<div style=\"height:39px\" aria-hidden=\"true\" class=\"wp-block-spacer\"><\/div>\n\n\n\n<figure class=\"wp-block-gallery has-nested-images columns-default is-cropped wp-block-gallery-1 is-layout-flex wp-block-gallery-is-layout-flex\">\n<figure class=\"wp-block-image size-large\"><img loading=\"lazy\" decoding=\"async\" width=\"1024\" height=\"711\" data-id=\"288\" src=\"https:\/\/www.accento7.com\/wp-content\/uploads\/2023\/07\/IMG_1576-1024x711.jpg\" alt=\"\" class=\"wp-image-288\" srcset=\"http:\/\/www.accento7.com\/wp-content\/uploads\/2023\/07\/IMG_1576-1024x711.jpg 1024w, http:\/\/www.accento7.com\/wp-content\/uploads\/2023\/07\/IMG_1576-300x208.jpg 300w, http:\/\/www.accento7.com\/wp-content\/uploads\/2023\/07\/IMG_1576-768x533.jpg 768w, http:\/\/www.accento7.com\/wp-content\/uploads\/2023\/07\/IMG_1576-1536x1066.jpg 1536w, http:\/\/www.accento7.com\/wp-content\/uploads\/2023\/07\/IMG_1576-2048x1421.jpg 2048w\" sizes=\"auto, (max-width: 1024px) 100vw, 1024px\" \/><figcaption class=\"wp-element-caption\">Da\u00efna Mateu<\/figcaption><\/figure>\n\n\n\n<figure class=\"wp-block-image size-large\"><img loading=\"lazy\" decoding=\"async\" width=\"667\" height=\"375\" data-id=\"364\" src=\"https:\/\/www.accento7.com\/wp-content\/uploads\/2024\/02\/Iliber-Ensemble-Tonos-Ayres_1701440325_162428007_667x375.jpg\" alt=\"\" class=\"wp-image-364\" srcset=\"http:\/\/www.accento7.com\/wp-content\/uploads\/2024\/02\/Iliber-Ensemble-Tonos-Ayres_1701440325_162428007_667x375.jpg 667w, http:\/\/www.accento7.com\/wp-content\/uploads\/2024\/02\/Iliber-Ensemble-Tonos-Ayres_1701440325_162428007_667x375-300x169.jpg 300w\" sizes=\"auto, (max-width: 667px) 100vw, 667px\" \/><figcaption class=\"wp-element-caption\">\u00cdliber Ensemble<\/figcaption><\/figure>\n\n\n\n<figure class=\"wp-block-image size-full is-style-default\"><img loading=\"lazy\" decoding=\"async\" width=\"763\" height=\"580\" data-id=\"400\" src=\"http:\/\/www.accento7.com\/wp-content\/uploads\/2024\/03\/WhatsApp-Image-2024-03-14-at-23.39.38.jpeg\" alt=\"\" class=\"wp-image-400\" srcset=\"http:\/\/www.accento7.com\/wp-content\/uploads\/2024\/03\/WhatsApp-Image-2024-03-14-at-23.39.38.jpeg 763w, http:\/\/www.accento7.com\/wp-content\/uploads\/2024\/03\/WhatsApp-Image-2024-03-14-at-23.39.38-300x228.jpeg 300w\" sizes=\"auto, (max-width: 763px) 100vw, 763px\" \/><figcaption class=\"wp-element-caption\">Sara \u00c1gueda<\/figcaption><\/figure>\n\n\n\n<figure class=\"wp-block-image size-large\"><img loading=\"lazy\" decoding=\"async\" width=\"272\" height=\"258\" data-id=\"365\" src=\"https:\/\/www.accento7.com\/wp-content\/uploads\/2024\/02\/dario.webp\" alt=\"\" class=\"wp-image-365\"\/><figcaption class=\"wp-element-caption\">Dar\u00edo Tamayo<\/figcaption><\/figure>\n\n\n\n<figure class=\"wp-block-image size-large\"><img loading=\"lazy\" decoding=\"async\" width=\"806\" height=\"1024\" data-id=\"290\" src=\"https:\/\/www.accento7.com\/wp-content\/uploads\/2023\/07\/IMG_1949-806x1024.jpg\" alt=\"\" class=\"wp-image-290\" srcset=\"http:\/\/www.accento7.com\/wp-content\/uploads\/2023\/07\/IMG_1949-806x1024.jpg 806w, http:\/\/www.accento7.com\/wp-content\/uploads\/2023\/07\/IMG_1949-236x300.jpg 236w, http:\/\/www.accento7.com\/wp-content\/uploads\/2023\/07\/IMG_1949-768x976.jpg 768w, http:\/\/www.accento7.com\/wp-content\/uploads\/2023\/07\/IMG_1949-1209x1536.jpg 1209w, http:\/\/www.accento7.com\/wp-content\/uploads\/2023\/07\/IMG_1949.jpg 1394w\" sizes=\"auto, (max-width: 806px) 100vw, 806px\" \/><figcaption class=\"wp-element-caption\">Sergio Gonz\u00e1lez<\/figcaption><\/figure>\n\n\n\n<figure class=\"wp-block-image size-large\"><img loading=\"lazy\" decoding=\"async\" width=\"1024\" height=\"771\" data-id=\"351\" src=\"https:\/\/www.accento7.com\/wp-content\/uploads\/2023\/11\/Mascetti-Danilo1-1024x771.jpg\" alt=\"\" class=\"wp-image-351\" srcset=\"http:\/\/www.accento7.com\/wp-content\/uploads\/2023\/11\/Mascetti-Danilo1-1024x771.jpg 1024w, http:\/\/www.accento7.com\/wp-content\/uploads\/2023\/11\/Mascetti-Danilo1-300x226.jpg 300w, http:\/\/www.accento7.com\/wp-content\/uploads\/2023\/11\/Mascetti-Danilo1-768x578.jpg 768w, http:\/\/www.accento7.com\/wp-content\/uploads\/2023\/11\/Mascetti-Danilo1-1536x1157.jpg 1536w, http:\/\/www.accento7.com\/wp-content\/uploads\/2023\/11\/Mascetti-Danilo1.jpg 1900w\" sizes=\"auto, (max-width: 1024px) 100vw, 1024px\" \/><figcaption class=\"wp-element-caption\">Danilo Mascetti<\/figcaption><\/figure>\n<\/figure>\n\n\n\n<div style=\"height:39px\" aria-hidden=\"true\" class=\"wp-block-spacer\"><\/div>\n\n\n\n<div style=\"height:39px\" aria-hidden=\"true\" class=\"wp-block-spacer\"><\/div>\n\n\n\n<div id=\"wp-block-themeisle-blocks-advanced-columns-603878b8\" class=\"wp-block-themeisle-blocks-advanced-columns alignfull has-1-columns has-desktop-equal-layout has-tablet-equal-layout has-mobile-equal-layout has-vertical-unset\"><div class=\"wp-block-themeisle-blocks-advanced-columns-overlay\"><\/div><div class=\"innerblocks-wrap\">\n<div id=\"wp-block-themeisle-blocks-advanced-column-ee744101\" class=\"wp-block-themeisle-blocks-advanced-column has-light-bg\">\n<p id=\"wp-block-themeisle-blocks-advanced-heading-68bfd6bf\" class=\"wp-block-themeisle-blocks-advanced-heading wp-block-themeisle-blocks-advanced-heading-68bfd6bf\"> <\/p>\n\n\n\n<h3 class=\"wp-block-heading has-text-align-center has-large-font-size\">Accento7, la agencia <br>especializada en m\u00fasica antigua<\/h3>\n\n\n\n<div id=\"wp-block-themeisle-blocks-button-group-21c32419\" class=\"wp-block-themeisle-blocks-button-group wp-block-buttons align-center\">\n<div id=\"wp-block-themeisle-blocks-button-6c433851\" class=\"wp-block-themeisle-blocks-button wp-block-button\"><a href=\"https:\/\/www.accento7.com\/contact-us\/\" target=\"_self\" rel=\"noopener noreferrer\" class=\"wp-block-button__link\"><span>Hablemos de tu proyecto<\/span><\/a><\/div>\n<\/div>\n<\/div>\n<\/div><\/div>\n","protected":false},"excerpt":{"rendered":"<p>Nuestra agencia Accento7 te ofrece un catalogo de conciertos de m\u00fasica antigua, dise\u00f1ados para simplificar la programaci\u00f3n y garantizar una experiencia de calidad. Nuestras propuestas abarcan desde grandes orquestas barrocas y ensembles de gran formato hasta intimos duos y trios, con opciones adaptadas a diferentes necesidades y presupuestos. Somos especialistas en m\u00fasica antigua gestionando proyectos&hellip;&nbsp;<a href=\"http:\/\/www.accento7.com\/\" rel=\"bookmark\">Leer m\u00e1s &raquo;<span class=\"screen-reader-text\">Home<\/span><\/a><\/p>\n","protected":false},"author":1,"featured_media":0,"parent":0,"menu_order":1,"comment_status":"closed","ping_status":"closed","template":"","meta":{"neve_meta_sidebar":"full-width","neve_meta_container":"","neve_meta_enable_content_width":"on","neve_meta_content_width":100,"neve_meta_title_alignment":"","neve_meta_author_avatar":"","neve_post_elements_order":"","neve_meta_disable_header":"","neve_meta_disable_footer":"","neve_meta_disable_title":"on","_themeisle_gutenberg_block_has_review":false,"footnotes":""},"class_list":["post-161","page","type-page","status-publish","hentry"],"_links":{"self":[{"href":"http:\/\/www.accento7.com\/index.php\/wp-json\/wp\/v2\/pages\/161","targetHints":{"allow":["GET"]}}],"collection":[{"href":"http:\/\/www.accento7.com\/index.php\/wp-json\/wp\/v2\/pages"}],"about":[{"href":"http:\/\/www.accento7.com\/index.php\/wp-json\/wp\/v2\/types\/page"}],"author":[{"embeddable":true,"href":"http:\/\/www.accento7.com\/index.php\/wp-json\/wp\/v2\/users\/1"}],"replies":[{"embeddable":true,"href":"http:\/\/www.accento7.com\/index.php\/wp-json\/wp\/v2\/comments?post=161"}],"version-history":[{"count":86,"href":"http:\/\/www.accento7.com\/index.php\/wp-json\/wp\/v2\/pages\/161\/revisions"}],"predecessor-version":[{"id":499,"href":"http:\/\/www.accento7.com\/index.php\/wp-json\/wp\/v2\/pages\/161\/revisions\/499"}],"wp:attachment":[{"href":"http:\/\/www.accento7.com\/index.php\/wp-json\/wp\/v2\/media?parent=161"}],"curies":[{"name":"wp","href":"https:\/\/api.w.org\/{rel}","templated":true}]}}